{"id":4080,"date":"2021-04-28T16:44:40","date_gmt":"2021-04-28T14:44:40","guid":{"rendered":"https:\/\/www.michael-althoff.com\/?post_type=product&#038;p=4080"},"modified":"2024-10-22T14:51:06","modified_gmt":"2024-10-22T12:51:06","slug":"the-lean-deal","status":"publish","type":"product","link":"https:\/\/www.michael-althoff.com\/en\/product\/the-lean-deal\/","title":{"rendered":"The Lean Deal German"},"content":{"rendered":"<div>\n<p>what's \"IN\" for me?<\/p>\n<p>The world certainly doesn't need yet another \"LEAN explanation book\" with cumbersome terms, dry-as-dust theory and crude recipes for success.<\/p>\n<p>Most books on the subject are purely about optimizing profits, increasing efficiency and the assertion of companies in the relevant markets. But my motivation for this book is rather what is NOT addressed in these clever works ... namely the HUMAN BEHIND or BEFORE these formulas, graphics and clever process insights.<br \/>\nWhat does LEAN do to us, how do we benefit as individuals, why should we change anything at all, and how much energy do we need to devote to it?<\/p>\n<p>The motivation: I would like to \"pick you ALL up\" with my book and show you the absolutely ingenious effect and simplicity of the LEAN principles on the basis of my modest and very easy to follow career.<\/p>\n<p class=\"translation-block\">Mein Ziel ist es, dass ihr nach dem Lesen der Seiten das Buch l\u00e4chelnd beiseite legt und denkt: \u201eEcht jetzt? Ist das wirklich SO leicht? Ok, DAS kann ich auch.\u201c<br>\r\nUnd was ich mir wirklich w\u00fcnsche ist, dass Euch meine Worte so wichtig erscheinen, dass ihr Euch das Buch untereinander in die H\u00e4nde gebt. Von der Chefetage in die Produktion und UMGEKEHRT, von Freund zu Freund, innerhalb der Familie, von Kollege zu Kollege und von Gesch\u00e4ftspartner zu Gesch\u00e4ftspartner. Ich bin zu 100 % davon \u00fcberzeugt, dass die Erkenntnisse des LEAN\u2013Lifestyles barriere\u00fcbergreifend, l\u00e4nder\u00fcbergreifend, \u00fcberparteilich und vollkommen animosit\u00e4tenfrei nicht nur das Leben eines jeden Einzelnen verbessern k\u00f6nnen, sondern dass LEAN DIE kleine Revolution ist, die wir Menschen in diesen bizarren Zeiten so dringend brauchen, um uns wieder auf das Wesentliche konzentrieren zu k\u00f6nnen.<\/p>\n<p>Who is the book for? This book is for you, you hard workers, busy managers, frustrated executives, disappointed warehouse workers, skilled workers, foremen, forklift drivers, engineers, enervated job seekers, large corporations with 100. 000 employees or \"one-man\/woman show\", you single mothers or fathers and financially exhausted lone fighters, young job seekers or start-ups - in short: for EVERY one of you \"seekers\" \ud83d\ude42 You work in a company that you think could use change or you run a company that is not running as it could? This book is for you!<\/p>\n<p>How do I break the ice, what are the first steps, and how do I get either \"those up there\" to rethink or my team on board? - That will be my topic in this small work.<\/p>\n<p>&nbsp;<\/p>\n<p><span><em>Author: Michael Althoff<br \/>\nPublisher: Yellotools GmbH, Wilberhofener Stra\u00dfe 1-3. 51570 Windeck, Germany, Phone +49 2292 397 400<br \/>\nEditors: Sina Becker, Michael Althoff<br \/>\nTypesetting &amp; Layout: Olga Blank, Gregor Deisen<br \/>\nUmschlag: Gregor Deisen<br \/>\nPhotography: Michael Roth<br \/>\nGrafiken \/ Illustrationen: Alexx Marrone<br \/>\nPrinted by: WIRmachen DRUCK GmbH, M\u00fchlbachstra\u00dfe 7, 71522 Backnang, Germany<\/em><\/span><\/p>\n<\/div>","protected":false},"excerpt":{"rendered":"<p>The LEAN Deal &#8211; was ist \u201eDRIN\u201c f\u00fcr Dich?<\/p>\n<p>Wie und warum die LEAN-Kultur Dein ganzes (Arbeits-)Leben ver\u00e4ndern kann und wird!<\/p>\n<p><strong>Mengenrabatt:<br \/>\n<\/strong>Ab einer Menge von 20 B\u00fcchern erhaltet Ihr attraktive Preisnachl\u00e4sse.<br \/>\nBitte kontaktiert uns dazu unter: <a href=\"mailto:lean@yellotools.com\">lean@yellotools.com<\/a><\/p>","protected":false},"featured_media":4107,"comment_status":"closed","ping_status":"closed","template":"","meta":[],"product_brand":[],"product_cat":[50],"product_tag":[],"class_list":{"0":"post-4080","1":"product","2":"type-product","3":"status-publish","4":"has-post-thumbnail","6":"product_cat-autor","8":"first","9":"instock","10":"taxable","11":"shipping-taxable","12":"purchasable","13":"product-type-simple"},"_links":{"self":[{"href":"https:\/\/www.michael-althoff.com\/en\/wp-json\/wp\/v2\/product\/4080","targetHints":{"allow":["GET"]}}],"collection":[{"href":"https:\/\/www.michael-althoff.com\/en\/wp-json\/wp\/v2\/product"}],"about":[{"href":"https:\/\/www.michael-althoff.com\/en\/wp-json\/wp\/v2\/types\/product"}],"replies":[{"embeddable":true,"href":"https:\/\/www.michael-althoff.com\/en\/wp-json\/wp\/v2\/comments?post=4080"}],"wp:featuredmedia":[{"embeddable":true,"href":"https:\/\/www.michael-althoff.com\/en\/wp-json\/wp\/v2\/media\/4107"}],"wp:attachment":[{"href":"https:\/\/www.michael-althoff.com\/en\/wp-json\/wp\/v2\/media?parent=4080"}],"wp:term":[{"taxonomy":"product_brand","embeddable":true,"href":"https:\/\/www.michael-althoff.com\/en\/wp-json\/wp\/v2\/product_brand?post=4080"},{"taxonomy":"product_cat","embeddable":true,"href":"https:\/\/www.michael-althoff.com\/en\/wp-json\/wp\/v2\/product_cat?post=4080"},{"taxonomy":"product_tag","embeddable":true,"href":"https:\/\/www.michael-althoff.com\/en\/wp-json\/wp\/v2\/product_tag?post=4080"}],"curies":[{"name":"wp","href":"https:\/\/api.w.org\/{rel}","templated":true}]}}