{"id":273,"date":"2020-02-13T18:43:21","date_gmt":"2020-02-13T17:43:21","guid":{"rendered":"https:\/\/zikzag.wgl-demo.net\/?page_id=273"},"modified":"2021-06-02T10:32:40","modified_gmt":"2021-06-02T08:32:40","slug":"buch","status":"publish","type":"page","link":"https:\/\/www.michael-althoff.com\/en\/buch\/","title":{"rendered":"Book"},"content":{"rendered":"<div data-elementor-type=\"wp-page\" data-elementor-id=\"273\" class=\"elementor elementor-273\">\n\t\t\t\t\t\t<section class=\"elementor-section elementor-top-section elementor-element elementor-element-a1f6955 elementor-section-boxed elementor-section-height-default elementor-section-height-default\" data-id=\"a1f6955\" data-element_type=\"section\" data-e-type=\"section\">\n\t\t\t\t\t\t<div class=\"elementor-container elementor-column-gap-default\">\n\t\t\t\t\t<div class=\"elementor-column elementor-col-100 elementor-top-column elementor-element elementor-element-046c57a\" data-id=\"046c57a\" data-element_type=\"column\" data-e-type=\"column\">\n\t\t\t<div class=\"elementor-widget-wrap elementor-element-populated\">\n\t\t\t\t\t\t<div class=\"elementor-element elementor-element-4519b90 elementor-widget elementor-widget-spacer\" data-id=\"4519b90\" data-element_type=\"widget\" data-e-type=\"widget\" data-widget_type=\"spacer.default\">\n\t\t\t\t<div class=\"elementor-widget-container\">\n\t\t\t\t\t\t\t<div class=\"elementor-spacer\">\n\t\t\t<div class=\"elementor-spacer-inner\"><\/div>\n\t\t<\/div>\n\t\t\t\t\t\t<\/div>\n\t\t\t\t<\/div>\n\t\t\t\t<div class=\"elementor-element elementor-element-11be487 elementor-widget elementor-widget-image\" data-id=\"11be487\" data-element_type=\"widget\" data-e-type=\"widget\" data-widget_type=\"image.default\">\n\t\t\t\t<div class=\"elementor-widget-container\">\n\t\t\t\t\t\t\t\t\t\t\t\t\t\t\t<img fetchpriority=\"high\" decoding=\"async\" width=\"768\" height=\"725\" src=\"https:\/\/www.michael-althoff.com\/wp-content\/uploads\/2021\/04\/The-Lean-Deal_DE_01_web-768x725.jpg\" class=\"attachment-medium_large size-medium_large wp-image-4164\" alt=\"\" srcset=\"https:\/\/www.michael-althoff.com\/wp-content\/uploads\/2021\/04\/The-Lean-Deal_DE_01_web-768x725.jpg 768w, https:\/\/www.michael-althoff.com\/wp-content\/uploads\/2021\/04\/The-Lean-Deal_DE_01_web-300x283.jpg 300w, https:\/\/www.michael-althoff.com\/wp-content\/uploads\/2021\/04\/The-Lean-Deal_DE_01_web-1024x967.jpg 1024w, https:\/\/www.michael-althoff.com\/wp-content\/uploads\/2021\/04\/The-Lean-Deal_DE_01_web-13x12.jpg 13w, https:\/\/www.michael-althoff.com\/wp-content\/uploads\/2021\/04\/The-Lean-Deal_DE_01_web-1080x1020.jpg 1080w, https:\/\/www.michael-althoff.com\/wp-content\/uploads\/2021\/04\/The-Lean-Deal_DE_01_web.jpg 1280w\" sizes=\"(max-width: 768px) 100vw, 768px\" \/>\t\t\t\t\t\t\t\t\t\t\t\t\t\t\t<\/div>\n\t\t\t\t<\/div>\n\t\t\t\t<section class=\"elementor-section elementor-inner-section elementor-element elementor-element-7376ec8 elementor-section-full_width elementor-section-height-default elementor-section-height-default\" data-id=\"7376ec8\" data-element_type=\"section\" data-e-type=\"section\">\n\t\t\t\t\t\t<div class=\"elementor-container elementor-column-gap-default\">\n\t\t\t\t\t<div class=\"elementor-column elementor-col-100 elementor-inner-column elementor-element elementor-element-581a2f4\" data-id=\"581a2f4\" data-element_type=\"column\" data-e-type=\"column\">\n\t\t\t<div class=\"elementor-widget-wrap elementor-element-populated\">\n\t\t\t\t\t\t<div class=\"elementor-element elementor-element-b867ebb elementor-align-center elementor-widget elementor-widget-button\" data-id=\"b867ebb\" data-element_type=\"widget\" data-e-type=\"widget\" data-widget_type=\"button.default\">\n\t\t\t\t<div class=\"elementor-widget-container\">\n\t\t\t\t\t\t\t\t\t<div class=\"elementor-button-wrapper\">\n\t\t\t\t\t<a class=\"elementor-button elementor-button-link elementor-size-sm\" href=\"https:\/\/www.michael-althoff.com\/en\/shopping\/\">\n\t\t\t\t\t\t<span class=\"elementor-button-content-wrapper\">\n\t\t\t\t\t\t\t\t\t<span class=\"elementor-button-text\">Buy here<\/span>\n\t\t\t\t\t<\/span>\n\t\t\t\t\t<\/a>\n\t\t\t\t<\/div>\n\t\t\t\t\t\t\t\t<\/div>\n\t\t\t\t<\/div>\n\t\t\t\t\t<\/div>\n\t\t<\/div>\n\t\t\t\t\t<\/div>\n\t\t<\/section>\n\t\t\t\t\t<\/div>\n\t\t<\/div>\n\t\t\t\t\t<\/div>\n\t\t<\/section>\n\t\t\t\t<section class=\"elementor-section elementor-top-section elementor-element elementor-element-98cdbbc elementor-section-boxed elementor-section-height-default elementor-section-height-default\" data-id=\"98cdbbc\" data-element_type=\"section\" data-e-type=\"section\">\n\t\t\t\t\t\t<div class=\"elementor-container elementor-column-gap-default\">\n\t\t\t\t\t<div class=\"elementor-column elementor-col-100 elementor-top-column elementor-element elementor-element-72c9b69\" data-id=\"72c9b69\" data-element_type=\"column\" data-e-type=\"column\">\n\t\t\t<div class=\"elementor-widget-wrap elementor-element-populated\">\n\t\t\t\t\t\t<div class=\"elementor-element elementor-element-8847465 elementor-widget elementor-widget-text-editor\" data-id=\"8847465\" data-element_type=\"widget\" data-e-type=\"widget\" data-widget_type=\"text-editor.default\">\n\t\t\t\t<div class=\"elementor-widget-container\">\n\t\t\t\t\t\t\t\t\t<p><b>...what is \"IN IT\" for you?<\/b><\/p>\n<p>The world certainly doesn't need yet another \"LEAN explanation book\" with cumbersome terms, dry-as-dust theory and crude recipes for success.<\/p>\n<p class=\"translation-block\">Most books on the subject are purely about optimizing profits, increasing efficiency and the assertion of companies in the relevant markets. But my motivation for this book is rather what is NOT addressed in these clever works ... namely the HUMAN BEHIND or BEFORE these formulas, graphics and clever process insights.\nWhat does LEAN do to us, how do we as individuals benefit from it, why should we change anything at all and how much energy do we have to put into it?\n\nTranslated with www.DeepL.com\/Translator (free version)<\/p>\n<p>The motivation: I would like to \"pick you ALL up\" with my book and show you the absolutely ingenious effect and simplicity of the LEAN principles on the basis of my modest and very easy to follow career.<\/p>\n<p>My goal is that after reading the pages, you'll put the book aside with a smile and think, \"Really? Is this really THAT easy? Ok, I can do THAT too.\"\nAnd what I really wish is that my words seem so important to you that you put the book in each other's hands. From the boardroom to the shop floor and OVER, from friend to friend, within your family, colleague to colleague, and business partner to business partner. I am 100% convinced that the insights of the LEAN lifestyle can not only improve everyone's life across barriers, across countries, across parties and completely free of animosity, but that LEAN is THE small revolution that we humans so urgently need in these bizarre times in order to be able to concentrate on the essentials again.\n\nTranslated with www.DeepL.com\/Translator (free version)<br>And what I really wish is that my words seem so important to you that you put the book into each other's hands. From the executive floor to the production floor and OVER, from friend to friend, within the family, from colleague to colleague and from business partner to business partner. I am 100% convinced that the insights of the LEAN lifestyle can not only improve everyone's life across barriers, across countries, across parties and completely free of animosity, but that LEAN is THE small revolution that we humans so urgently need in these bizarre times in order to be able to concentrate on the essentials again.<\/p>\n<p>Who is the book for? This book is for you, you hard workers, busy managers, frustrated executives, disappointed warehouse workers, skilled workers, master craftsmen, forklift drivers, engineers, enervated job seekers, large corporations with 100,000 employees or \"one-man\/woman show\", you single mothers or fathers and financially exhausted lone fighters, young job seekers or start-ups - in short: for EVERY one of you \"searchers<\/p>\n<p>Do you work in a company that you think could use a change or do you run a company that is not running the way it should? This book is for you!<\/p>\n<p>How do I break the ice, what are the first steps, and how do I get either \"those up there\" to rethink or my team on board? - That will be my topic in this small work.<\/p>\t\t\t\t\t\t\t\t<\/div>\n\t\t\t\t<\/div>\n\t\t\t\t\t<\/div>\n\t\t<\/div>\n\t\t\t\t\t<\/div>\n\t\t<\/section>\n\t\t\t\t<section class=\"elementor-section elementor-top-section elementor-element elementor-element-372e927 elementor-section-full_width elementor-section-height-default elementor-section-height-default\" data-id=\"372e927\" data-element_type=\"section\" data-e-type=\"section\">\n\t\t\t\t\t\t<div class=\"elementor-container elementor-column-gap-default\">\n\t\t\t\t\t<div class=\"elementor-column elementor-col-100 elementor-top-column elementor-element elementor-element-eb50a79\" data-id=\"eb50a79\" data-element_type=\"column\" data-e-type=\"column\">\n\t\t\t<div class=\"elementor-widget-wrap elementor-element-populated\">\n\t\t\t\t\t\t<div class=\"elementor-element elementor-element-459eb5b elementor-widget elementor-widget-spacer\" data-id=\"459eb5b\" data-element_type=\"widget\" data-e-type=\"widget\" data-widget_type=\"spacer.default\">\n\t\t\t\t<div class=\"elementor-widget-container\">\n\t\t\t\t\t\t\t<div class=\"elementor-spacer\">\n\t\t\t<div class=\"elementor-spacer-inner\"><\/div>\n\t\t<\/div>\n\t\t\t\t\t\t<\/div>\n\t\t\t\t<\/div>\n\t\t\t\t\t<\/div>\n\t\t<\/div>\n\t\t\t\t\t<\/div>\n\t\t<\/section>\n\t\t\t\t<section class=\"elementor-section elementor-top-section elementor-element elementor-element-9574f22 elementor-section-boxed elementor-section-height-default elementor-section-height-default\" data-id=\"9574f22\" data-element_type=\"section\" data-e-type=\"section\">\n\t\t\t\t\t\t<div class=\"elementor-container elementor-column-gap-default\">\n\t\t\t\t\t<div class=\"elementor-column elementor-col-100 elementor-top-column elementor-element elementor-element-20ea34f\" data-id=\"20ea34f\" data-element_type=\"column\" data-e-type=\"column\">\n\t\t\t<div class=\"elementor-widget-wrap elementor-element-populated\">\n\t\t\t\t\t\t<div class=\"elementor-element elementor-element-768e27a acenter elementor-widget elementor-widget-wgl-double-headings\" data-id=\"768e27a\" data-element_type=\"widget\" data-e-type=\"widget\" data-widget_type=\"wgl-double-headings.default\">\n\t\t\t\t<div class=\"elementor-widget-container\">\n\t\t\t\t\t<div class=\"wgl-double_heading\"><h3 class=\"dbl__title-wrapper\"><span class=\"dbl__title\">The contents (book and\/or coaching)<\/span><\/h3><\/div>\t\t\t\t<\/div>\n\t\t\t\t<\/div>\n\t\t\t\t\t<\/div>\n\t\t<\/div>\n\t\t\t\t\t<\/div>\n\t\t<\/section>\n\t\t\t\t<section class=\"elementor-section elementor-top-section elementor-element elementor-element-c677718 elementor-section-content-middle elementor-section-boxed elementor-section-height-default elementor-section-height-default\" data-id=\"c677718\" data-element_type=\"section\" data-e-type=\"section\">\n\t\t\t\t\t\t<div class=\"elementor-container elementor-column-gap-default\">\n\t\t\t\t\t<div class=\"elementor-column elementor-col-33 elementor-top-column elementor-element elementor-element-f10bde5\" data-id=\"f10bde5\" data-element_type=\"column\" data-e-type=\"column\">\n\t\t\t<div class=\"elementor-widget-wrap elementor-element-populated\">\n\t\t\t\t\t\t<div class=\"elementor-element elementor-element-8214ff6 elementor-widget elementor-widget-spacer\" data-id=\"8214ff6\" data-element_type=\"widget\" data-e-type=\"widget\" data-widget_type=\"spacer.default\">\n\t\t\t\t<div class=\"elementor-widget-container\">\n\t\t\t\t\t\t\t<div class=\"elementor-spacer\">\n\t\t\t<div class=\"elementor-spacer-inner\"><\/div>\n\t\t<\/div>\n\t\t\t\t\t\t<\/div>\n\t\t\t\t<\/div>\n\t\t\t\t<div class=\"elementor-element elementor-element-6518db1 aleft has-font elementor-widget-icon-box wgl-icon-box elementor-view-default btn_position-right elementor-invisible elementor-widget elementor-widget-wgl-info-box\" data-id=\"6518db1\" data-element_type=\"widget\" data-e-type=\"widget\" data-settings=\"{&quot;_animation&quot;:&quot;fadeInLeft&quot;}\" data-widget_type=\"wgl-info-box.default\">\n\t\t\t\t<div class=\"elementor-widget-container\">\n\t\t\t\t\t<a  class=\"wgl-infobox  wgl-layout-left\"><div class=\"media-wrapper icon-wrapper\"><span class=\"wgl-icon\" ><i class=\"icon elementor-icon flaticon flaticon-business-and-finance-1\" aria-hidden=\"true\"><\/i><\/span><\/div><div class=\"wgl-infobox_wrapper\"><div class=\"wgl-infobox-title_wrapper\"><h3 class=\"wgl-infobox_title\">What is \"this LEAN\" anyway?<\/h3><\/div><div class=\"content_wrapper\"><div class=\"wgl-infobox_content\"><p>Michael Althoff's definition and point of view<\/p><\/div><\/div><div class=\"wgl-infobox-button_wrapper\"><div  class=\"wgl-infobox_button button-read-more\"><\/div><\/div><\/div><\/a>\t\t\t\t<\/div>\n\t\t\t\t<\/div>\n\t\t\t\t<div class=\"elementor-element elementor-element-aba2321 aleft has-font elementor-widget-icon-box wgl-icon-box elementor-view-default btn_position-right elementor-invisible elementor-widget elementor-widget-wgl-info-box\" data-id=\"aba2321\" data-element_type=\"widget\" data-e-type=\"widget\" data-settings=\"{&quot;_animation&quot;:&quot;fadeInLeft&quot;}\" data-widget_type=\"wgl-info-box.default\">\n\t\t\t\t<div class=\"elementor-widget-container\">\n\t\t\t\t\t<a  class=\"wgl-infobox  wgl-layout-left\"><div class=\"media-wrapper icon-wrapper\"><span class=\"wgl-icon\" ><i class=\"icon elementor-icon flaticon flaticon-idea\" aria-hidden=\"true\"><\/i><\/span><\/div><div class=\"wgl-infobox_wrapper\"><div class=\"wgl-infobox-title_wrapper\"><h3 class=\"wgl-infobox_title\">The LEAN DEAL<\/h3><\/div><div class=\"content_wrapper\"><div class=\"wgl-infobox_content\"><p>Why it's the best \"swap\" ever<\/p><\/div><\/div><div class=\"wgl-infobox-button_wrapper\"><div  class=\"wgl-infobox_button button-read-more\"><\/div><\/div><\/div><\/a>\t\t\t\t<\/div>\n\t\t\t\t<\/div>\n\t\t\t\t<div class=\"elementor-element elementor-element-d46259d aleft has-font elementor-widget-icon-box wgl-icon-box elementor-view-default btn_position-right elementor-invisible elementor-widget elementor-widget-wgl-info-box\" data-id=\"d46259d\" data-element_type=\"widget\" data-e-type=\"widget\" data-settings=\"{&quot;_animation&quot;:&quot;fadeInLeft&quot;}\" data-widget_type=\"wgl-info-box.default\">\n\t\t\t\t<div class=\"elementor-widget-container\">\n\t\t\t\t\t<a  class=\"wgl-infobox  wgl-layout-left\"><div class=\"media-wrapper icon-wrapper\"><span class=\"wgl-icon\" ><i class=\"icon elementor-icon flaticon flaticon-business-and-finance\" aria-hidden=\"true\"><\/i><\/span><\/div><div class=\"wgl-infobox_wrapper\"><div class=\"wgl-infobox-title_wrapper\"><h3 class=\"wgl-infobox_title\">Target groups<\/h3><\/div><div class=\"content_wrapper\"><div class=\"wgl-infobox_content\"><p>Who is \"this LEAN\" actually intended for anyway?<\/p><\/div><\/div><div class=\"wgl-infobox-button_wrapper\"><div  class=\"wgl-infobox_button button-read-more\"><\/div><\/div><\/div><\/a>\t\t\t\t<\/div>\n\t\t\t\t<\/div>\n\t\t\t\t\t<\/div>\n\t\t<\/div>\n\t\t\t\t<div class=\"elementor-column elementor-col-33 elementor-top-column elementor-element elementor-element-3af96d5\" data-id=\"3af96d5\" data-element_type=\"column\" data-e-type=\"column\">\n\t\t\t<div class=\"elementor-widget-wrap elementor-element-populated\">\n\t\t\t\t\t\t<div class=\"elementor-element elementor-element-59ca756 elementor-widget elementor-widget-wgl-image-layers\" data-id=\"59ca756\" data-element_type=\"widget\" data-e-type=\"widget\" data-widget_type=\"wgl-image-layers.default\">\n\t\t\t\t<div class=\"elementor-widget-container\">\n\t\t\t\t\t<div class=\"wgl-image-layers\"><div class=\"img-layer_image-wrapper slide_down\" style=\"z-index: 10\">\r\n                <div class=\"img-layer_item\" style=\"transform: translate(0%, 0%);\">\r\n                    <div class=\"img-layer_image\" style=\"transition: all 800ms; transition-delay: 600ms;\">\r\n                        <img decoding=\"async\" src=\"https:\/\/www.michael-althoff.com\/wp-content\/uploads\/2021\/03\/11-Muda-fin-scaled.jpg\" alt=\"11 Muda fin\" \/>\r\n                    <\/div>\r\n                <\/div>\r\n            <\/div> <div class=\"img-layer_image-wrapper zoom_in\" style=\"z-index: 1\">\r\n                <div class=\"img-layer_item\" style=\"transform: translate(0%, 0%);\">\r\n                    <div class=\"img-layer_image\" style=\"transition: all 800ms; transition-delay: 1200ms;\">\r\n                        <img decoding=\"async\" src=\"https:\/\/michael-althoff.com\/wp-content\/uploads\/2020\/02\/image-layers-3-02.png\" alt=\"image-layers-3-02\" \/>\r\n                    <\/div>\r\n                <\/div>\r\n            <\/div> <div class=\"img-layer_image-wrapper zoom_in\" style=\"z-index: 1\">\r\n                <div class=\"img-layer_item\" style=\"transform: translate(0%, 0%);\">\r\n                    <div class=\"img-layer_image\" style=\"transition: all 800ms; transition-delay: 1800ms;\">\r\n                        <img decoding=\"async\" src=\"https:\/\/michael-althoff.com\/wp-content\/uploads\/2020\/02\/image-layers-3-03.png\" alt=\"image-layers-3-03\" \/>\r\n                    <\/div>\r\n                <\/div>\r\n            <\/div> <div class=\"img-layer_image-wrapper zoom_in\" style=\"z-index: 1\">\r\n                <div class=\"img-layer_item\" style=\"transform: translate(0%, 0%);\">\r\n                    <div class=\"img-layer_image\" style=\"transition: all 800ms; transition-delay: 2400ms;\">\r\n                        <img decoding=\"async\" src=\"https:\/\/michael-althoff.com\/wp-content\/uploads\/2020\/02\/image-layers-3-04.png\" alt=\"image-layers-3-04\" \/>\r\n                    <\/div>\r\n                <\/div>\r\n            <\/div> <div class=\"img-layer_image-wrapper zoom_in\" style=\"z-index: 1\">\r\n                <div class=\"img-layer_item\" style=\"transform: translate(0%, 0%);\">\r\n                    <div class=\"img-layer_image\" style=\"transition: all 800ms; transition-delay: 3000ms;\">\r\n                        <img decoding=\"async\" src=\"https:\/\/michael-althoff.com\/wp-content\/uploads\/2020\/02\/image-layers-3-05.png\" alt=\"image-layers-3-05\" \/>\r\n                    <\/div>\r\n                <\/div>\r\n            <\/div> <div class=\"img-layer_image-wrapper zoom_in\" style=\"z-index: 1\">\r\n                <div class=\"img-layer_item\" style=\"transform: translate(0%, 0%);\">\r\n                    <div class=\"img-layer_image\" style=\"transition: all 800ms; transition-delay: 3600ms;\">\r\n                        <img decoding=\"async\" src=\"https:\/\/michael-althoff.com\/wp-content\/uploads\/2020\/02\/image-layers-3-06.png\" alt=\"image-layers-3-06\" \/>\r\n                    <\/div>\r\n                <\/div>\r\n            <\/div> <\/div>\t\t\t\t<\/div>\n\t\t\t\t<\/div>\n\t\t\t\t\t<\/div>\n\t\t<\/div>\n\t\t\t\t<div class=\"elementor-column elementor-col-33 elementor-top-column elementor-element elementor-element-8ed4a53\" data-id=\"8ed4a53\" data-element_type=\"column\" data-e-type=\"column\">\n\t\t\t<div class=\"elementor-widget-wrap elementor-element-populated\">\n\t\t\t\t\t\t<div class=\"elementor-element elementor-element-7fcd845 elementor-widget elementor-widget-spacer\" data-id=\"7fcd845\" data-element_type=\"widget\" data-e-type=\"widget\" data-widget_type=\"spacer.default\">\n\t\t\t\t<div class=\"elementor-widget-container\">\n\t\t\t\t\t\t\t<div class=\"elementor-spacer\">\n\t\t\t<div class=\"elementor-spacer-inner\"><\/div>\n\t\t<\/div>\n\t\t\t\t\t\t<\/div>\n\t\t\t\t<\/div>\n\t\t\t\t<div class=\"elementor-element elementor-element-5064fe3 aleft has-font elementor-widget-icon-box wgl-icon-box elementor-view-default btn_position-right elementor-invisible elementor-widget elementor-widget-wgl-info-box\" data-id=\"5064fe3\" data-element_type=\"widget\" data-e-type=\"widget\" data-settings=\"{&quot;_animation&quot;:&quot;fadeInRight&quot;}\" data-widget_type=\"wgl-info-box.default\">\n\t\t\t\t<div class=\"elementor-widget-container\">\n\t\t\t\t\t<a  class=\"wgl-infobox  wgl-layout-left\"><div class=\"media-wrapper icon-wrapper\"><span class=\"wgl-icon\" ><i class=\"icon elementor-icon flaticon flaticon-mission\" aria-hidden=\"true\"><\/i><\/span><\/div><div class=\"wgl-infobox_wrapper\"><div class=\"wgl-infobox-title_wrapper\"><h3 class=\"wgl-infobox_title\">8 types of waste<\/h3><\/div><div class=\"content_wrapper\"><div class=\"wgl-infobox_content\"><p>The key to success lies in understanding the individual species<\/p><\/div><\/div><div class=\"wgl-infobox-button_wrapper\"><div  class=\"wgl-infobox_button button-read-more\"><\/div><\/div><\/div><\/a>\t\t\t\t<\/div>\n\t\t\t\t<\/div>\n\t\t\t\t<div class=\"elementor-element elementor-element-e3d407c aleft has-font elementor-widget-icon-box wgl-icon-box elementor-view-default btn_position-right elementor-invisible elementor-widget elementor-widget-wgl-info-box\" data-id=\"e3d407c\" data-element_type=\"widget\" data-e-type=\"widget\" data-settings=\"{&quot;_animation&quot;:&quot;fadeInRight&quot;}\" data-widget_type=\"wgl-info-box.default\">\n\t\t\t\t<div class=\"elementor-widget-container\">\n\t\t\t\t\t<a  class=\"wgl-infobox  wgl-layout-left\"><div class=\"media-wrapper icon-wrapper\"><span class=\"wgl-icon\" ><i class=\"icon elementor-icon flaticon flaticon-work\" aria-hidden=\"true\"><\/i><\/span><\/div><div class=\"wgl-infobox_wrapper\"><div class=\"wgl-infobox-title_wrapper\"><h3 class=\"wgl-infobox_title\">LEAN Language<\/h3><\/div><div class=\"content_wrapper\"><div class=\"wgl-infobox_content\"><p>How we should all NOT talk about LEAN...!<\/p><\/div><\/div><div class=\"wgl-infobox-button_wrapper\"><div  class=\"wgl-infobox_button button-read-more\"><\/div><\/div><\/div><\/a>\t\t\t\t<\/div>\n\t\t\t\t<\/div>\n\t\t\t\t<div class=\"elementor-element elementor-element-6eed942 aleft has-font elementor-widget-icon-box wgl-icon-box elementor-view-default btn_position-right elementor-invisible elementor-widget elementor-widget-wgl-info-box\" data-id=\"6eed942\" data-element_type=\"widget\" data-e-type=\"widget\" data-settings=\"{&quot;_animation&quot;:&quot;fadeInRight&quot;}\" data-widget_type=\"wgl-info-box.default\">\n\t\t\t\t<div class=\"elementor-widget-container\">\n\t\t\t\t\t<a  class=\"wgl-infobox  wgl-layout-left\"><div class=\"media-wrapper icon-wrapper\"><span class=\"wgl-icon\" ><i class=\"icon elementor-icon flaticon flaticon-goal\" aria-hidden=\"true\"><\/i><\/span><\/div><div class=\"wgl-infobox_wrapper\"><div class=\"wgl-infobox-title_wrapper\"><h3 class=\"wgl-infobox_title\">2-Second LEAN<\/h3><\/div><div class=\"content_wrapper\"><div class=\"wgl-infobox_content\"><p>Why Paul Aker's definition is the best tool<\/p><\/div><\/div><div class=\"wgl-infobox-button_wrapper\"><div  class=\"wgl-infobox_button button-read-more\"><\/div><\/div><\/div><\/a>\t\t\t\t<\/div>\n\t\t\t\t<\/div>\n\t\t\t\t\t<\/div>\n\t\t<\/div>\n\t\t\t\t\t<\/div>\n\t\t<\/section>\n\t\t\t\t<\/div>","protected":false},"excerpt":{"rendered":"<p>Hier kaufen \u2026was ist \u201eDRIN\u201c f\u00fcr Dich? Die Welt braucht mit Sicherheit nicht noch ein weiteres \u201eLEAN\u2013Erkl\u00e4rbuch\u201c mit umst\u00e4ndlichen Begriffen, staubtrockener Theorie und kruden Erfolgsrezepten. In den meisten B\u00fcchern zu dem Thema geht es reinweg um die Optimierung von Ertr\u00e4gen, das Steigern der Effizienz und die Behauptung von Unternehmen an den entsprechenden M\u00e4rkten. Aber mein [&hellip;]<\/p>\n","protected":false},"author":2,"featured_media":0,"parent":0,"menu_order":0,"comment_status":"closed","ping_status":"closed","template":"elementor_theme","meta":{"footnotes":""},"class_list":["post-273","page","type-page","status-publish","hentry"],"_links":{"self":[{"href":"https:\/\/www.michael-althoff.com\/en\/wp-json\/wp\/v2\/pages\/273","targetHints":{"allow":["GET"]}}],"collection":[{"href":"https:\/\/www.michael-althoff.com\/en\/wp-json\/wp\/v2\/pages"}],"about":[{"href":"https:\/\/www.michael-althoff.com\/en\/wp-json\/wp\/v2\/types\/page"}],"author":[{"embeddable":true,"href":"https:\/\/www.michael-althoff.com\/en\/wp-json\/wp\/v2\/users\/2"}],"replies":[{"embeddable":true,"href":"https:\/\/www.michael-althoff.com\/en\/wp-json\/wp\/v2\/comments?post=273"}],"version-history":[{"count":94,"href":"https:\/\/www.michael-althoff.com\/en\/wp-json\/wp\/v2\/pages\/273\/revisions"}],"predecessor-version":[{"id":4522,"href":"https:\/\/www.michael-althoff.com\/en\/wp-json\/wp\/v2\/pages\/273\/revisions\/4522"}],"wp:attachment":[{"href":"https:\/\/www.michael-althoff.com\/en\/wp-json\/wp\/v2\/media?parent=273"}],"curies":[{"name":"wp","href":"https:\/\/api.w.org\/{rel}","templated":true}]}}