{"id":4080,"date":"2021-04-28T16:44:40","date_gmt":"2021-04-28T14:44:40","guid":{"rendered":"https:\/\/www.michael-althoff.com\/?post_type=product&#038;p=4080"},"modified":"2024-10-22T14:51:06","modified_gmt":"2024-10-22T12:51:06","slug":"the-lean-deal","status":"publish","type":"product","link":"https:\/\/www.michael-althoff.com\/de\/produkt\/the-lean-deal\/","title":{"rendered":"The Lean Deal Deutsch"},"content":{"rendered":"<div>\n<p>&#8230;was ist \u201eDRIN\u201c f\u00fcr Dich?<\/p>\n<p>Die Welt braucht mit Sicherheit nicht noch ein weiteres \u201eLEAN\u2013Erkl\u00e4rbuch\u201c mit umst\u00e4ndlichen Begriffen, staubtrockener Theorie und kruden Erfolgsrezepten.<\/p>\n<p>In den meisten B\u00fcchern zu dem Thema geht es reinweg um die Optimierung von Ertr\u00e4gen, das Steigern der Effizienz und die Behauptung von Unternehmen an den entsprechenden M\u00e4rkten. Aber mein Antrieb zu diesem Buch ist vielmehr das, was eben NICHT in diesen schlauen Werken angesprochen wird \u2026 n\u00e4mlich der MENSCH hinter bzw. VOR diesen Formeln, Grafiken und schlauen Ablauferkenntnissen.<br \/>\nWas macht LEAN mit uns, wie profitieren wir als Individuen davon, warum sollten wir \u00fcberhaupt etwas ver\u00e4ndern und wieviel Energie m\u00fcssen wir daf\u00fcr aufbringen?<\/p>\n<p>Die Motivation: Ich m\u00f6chte Euch ALLE mit meinem Buch \u201eabholen\u201d und Euch anhand meines bescheidenen und sehr leicht nachzuvollziehenden Werdegangs die absolut geniale Wirkung und Einfachheit der LEAN\u2013Prinzipien n\u00e4herbringen.<\/p>\n<p>Mein Ziel ist es, dass ihr nach dem Lesen der Seiten das Buch l\u00e4chelnd beiseite legt und denkt: \u201eEcht jetzt? Ist das wirklich SO leicht? Ok, DAS kann ich auch.\u201c<br \/>\nUnd was ich mir wirklich w\u00fcnsche ist, dass Euch meine Worte so wichtig erscheinen, dass ihr Euch das Buch untereinander in die H\u00e4nde gebt. Von der Chefetage in die Produktion und UMGEKEHRT, von Freund zu Freund, innerhalb der Familie, von Kollege zu Kollege und von Gesch\u00e4ftspartner zu Gesch\u00e4ftspartner. Ich bin zu 100 % davon \u00fcberzeugt, dass die Erkenntnisse des LEAN\u2013Lifestyles barriere\u00fcbergreifend, l\u00e4nder\u00fcbergreifend, \u00fcberparteilich und vollkommen animosit\u00e4tenfrei nicht nur das Leben eines jeden Einzelnen verbessern k\u00f6nnen, sondern dass LEAN DIE kleine Revolution ist, die wir Menschen in diesen bizarren Zeiten so dringend brauchen, um uns wieder auf das Wesentliche konzentrieren zu k\u00f6nnen.<\/p>\n<p>F\u00fcr wen ist das Buch? Dieses Buch ist f\u00fcr Euch, ihr flei\u00dfigen Arbeiter, emsigen Manager, frustrierten F\u00fchrungskr\u00e4fte, entt\u00e4uschten Lagerarbeiter, Fachkr\u00e4fte, Meister, Staplerfahrer, Ingenieure, entnervten Arbeitssuchenden, Gro\u00dfkonzerne mit 100.000 Angestellten oder \u201eOne\u2013man\/woman Show\u201d, ihr alleinerziehenden M\u00fctter oder V\u00e4ter und finanziell ausgelaugten Einzelk\u00e4mpfer, jugendliche Jobsucher oder Existenzgr\u00fcnder \u2013 kurz: F\u00fcr JEDEN von Euch \u201eSuchenden\u201c \ud83d\ude42 Ihr arbeitet in einem Unternehmen, von dem ihr denkt, es k\u00f6nnte Ver\u00e4nderung gebrauchen bzw. ihr leitet ein Unternehmen, das nicht so l\u00e4uft, wie es laufen k\u00f6nnte? F\u00fcr Euch ist dieses Buch!<\/p>\n<p>Wie breche ich das Eis, was sind die ersten Schritte, und wie bekomme ich entweder \u201edie da oben\u201c zum Umdenken oder mein Team an Bord? &#8211; Das soll mein Thema in diesem kleinen Werk sein.<\/p>\n<p>&nbsp;<\/p>\n<p><span><em>Autor: Michael Althoff<br \/>\nVerlag: Yellotools GmbH, Wilberhofener Stra\u00dfe 1-3. 51570 Windeck, Germany, Phone +49 2292 397 400<br \/>\nRedaktion: Sina Becker, Michael Althoff<br \/>\nSatz &amp; Layout: Olga Leis, Gregor Deisen<br \/>\nUmschlag: Gregor Deisen<br \/>\nFotografie: Michael Roth<br \/>\nGrafiken \/ Illustrationen: Alexx Marrone<br \/>\nGedruckt von: WIRmachen DRUCK Gmbh, M\u00fchlbachstra\u00dfe 7, 71522 Backnang, Germany<\/em><\/span><\/p>\n<\/div>\n","protected":false},"excerpt":{"rendered":"<p>The LEAN Deal &#8211; was ist \u201eDRIN\u201c f\u00fcr Dich?<\/p>\n<p>Wie und warum die LEAN-Kultur Dein ganzes (Arbeits-)Leben ver\u00e4ndern kann und wird!<\/p>\n<p><strong>Mengenrabatt:<br \/>\n<\/strong>Ab einer Menge von 20 B\u00fcchern erhaltet Ihr attraktive Preisnachl\u00e4sse.<br \/>\nBitte kontaktiert uns dazu unter: <a href=\"mailto:lean@yellotools.com\">lean@yellotools.com<\/a><\/p>\n","protected":false},"featured_media":4107,"comment_status":"closed","ping_status":"closed","template":"","meta":[],"product_brand":[],"product_cat":[50],"product_tag":[],"class_list":{"0":"post-4080","1":"product","2":"type-product","3":"status-publish","4":"has-post-thumbnail","6":"product_cat-autor","8":"first","9":"instock","10":"taxable","11":"shipping-taxable","12":"purchasable","13":"product-type-simple"},"_links":{"self":[{"href":"https:\/\/www.michael-althoff.com\/de\/wp-json\/wp\/v2\/product\/4080","targetHints":{"allow":["GET"]}}],"collection":[{"href":"https:\/\/www.michael-althoff.com\/de\/wp-json\/wp\/v2\/product"}],"about":[{"href":"https:\/\/www.michael-althoff.com\/de\/wp-json\/wp\/v2\/types\/product"}],"replies":[{"embeddable":true,"href":"https:\/\/www.michael-althoff.com\/de\/wp-json\/wp\/v2\/comments?post=4080"}],"wp:featuredmedia":[{"embeddable":true,"href":"https:\/\/www.michael-althoff.com\/de\/wp-json\/wp\/v2\/media\/4107"}],"wp:attachment":[{"href":"https:\/\/www.michael-althoff.com\/de\/wp-json\/wp\/v2\/media?parent=4080"}],"wp:term":[{"taxonomy":"product_brand","embeddable":true,"href":"https:\/\/www.michael-althoff.com\/de\/wp-json\/wp\/v2\/product_brand?post=4080"},{"taxonomy":"product_cat","embeddable":true,"href":"https:\/\/www.michael-althoff.com\/de\/wp-json\/wp\/v2\/product_cat?post=4080"},{"taxonomy":"product_tag","embeddable":true,"href":"https:\/\/www.michael-althoff.com\/de\/wp-json\/wp\/v2\/product_tag?post=4080"}],"curies":[{"name":"wp","href":"https:\/\/api.w.org\/{rel}","templated":true}]}}