{"id":273,"date":"2020-02-13T18:43:21","date_gmt":"2020-02-13T17:43:21","guid":{"rendered":"https:\/\/zikzag.wgl-demo.net\/?page_id=273"},"modified":"2021-06-02T10:32:40","modified_gmt":"2021-06-02T08:32:40","slug":"buch","status":"publish","type":"page","link":"https:\/\/www.michael-althoff.com\/de\/buch\/","title":{"rendered":"Buch"},"content":{"rendered":"\t\t<div data-elementor-type=\"wp-page\" data-elementor-id=\"273\" class=\"elementor elementor-273\">\n\t\t\t\t\t\t<section class=\"elementor-section elementor-top-section elementor-element elementor-element-a1f6955 elementor-section-boxed elementor-section-height-default elementor-section-height-default\" data-id=\"a1f6955\" data-element_type=\"section\" data-e-type=\"section\">\n\t\t\t\t\t\t<div class=\"elementor-container elementor-column-gap-default\">\n\t\t\t\t\t<div class=\"elementor-column elementor-col-100 elementor-top-column elementor-element elementor-element-046c57a\" data-id=\"046c57a\" data-element_type=\"column\" data-e-type=\"column\">\n\t\t\t<div class=\"elementor-widget-wrap elementor-element-populated\">\n\t\t\t\t\t\t<div class=\"elementor-element elementor-element-4519b90 elementor-widget elementor-widget-spacer\" data-id=\"4519b90\" data-element_type=\"widget\" data-e-type=\"widget\" data-widget_type=\"spacer.default\">\n\t\t\t\t<div class=\"elementor-widget-container\">\n\t\t\t\t\t\t\t<div class=\"elementor-spacer\">\n\t\t\t<div class=\"elementor-spacer-inner\"><\/div>\n\t\t<\/div>\n\t\t\t\t\t\t<\/div>\n\t\t\t\t<\/div>\n\t\t\t\t<div class=\"elementor-element elementor-element-11be487 elementor-widget elementor-widget-image\" data-id=\"11be487\" data-element_type=\"widget\" data-e-type=\"widget\" data-widget_type=\"image.default\">\n\t\t\t\t<div class=\"elementor-widget-container\">\n\t\t\t\t\t\t\t\t\t\t\t\t\t\t\t<img fetchpriority=\"high\" decoding=\"async\" width=\"768\" height=\"725\" src=\"https:\/\/www.michael-althoff.com\/wp-content\/uploads\/2021\/04\/The-Lean-Deal_DE_01_web-768x725.jpg\" class=\"attachment-medium_large size-medium_large wp-image-4164\" alt=\"\" srcset=\"https:\/\/www.michael-althoff.com\/wp-content\/uploads\/2021\/04\/The-Lean-Deal_DE_01_web-768x725.jpg 768w, https:\/\/www.michael-althoff.com\/wp-content\/uploads\/2021\/04\/The-Lean-Deal_DE_01_web-300x283.jpg 300w, https:\/\/www.michael-althoff.com\/wp-content\/uploads\/2021\/04\/The-Lean-Deal_DE_01_web-1024x967.jpg 1024w, https:\/\/www.michael-althoff.com\/wp-content\/uploads\/2021\/04\/The-Lean-Deal_DE_01_web-13x12.jpg 13w, https:\/\/www.michael-althoff.com\/wp-content\/uploads\/2021\/04\/The-Lean-Deal_DE_01_web-1080x1020.jpg 1080w, https:\/\/www.michael-althoff.com\/wp-content\/uploads\/2021\/04\/The-Lean-Deal_DE_01_web.jpg 1280w\" sizes=\"(max-width: 768px) 100vw, 768px\" \/>\t\t\t\t\t\t\t\t\t\t\t\t\t\t\t<\/div>\n\t\t\t\t<\/div>\n\t\t\t\t<section class=\"elementor-section elementor-inner-section elementor-element elementor-element-7376ec8 elementor-section-full_width elementor-section-height-default elementor-section-height-default\" data-id=\"7376ec8\" data-element_type=\"section\" data-e-type=\"section\">\n\t\t\t\t\t\t<div class=\"elementor-container elementor-column-gap-default\">\n\t\t\t\t\t<div class=\"elementor-column elementor-col-100 elementor-inner-column elementor-element elementor-element-581a2f4\" data-id=\"581a2f4\" data-element_type=\"column\" data-e-type=\"column\">\n\t\t\t<div class=\"elementor-widget-wrap elementor-element-populated\">\n\t\t\t\t\t\t<div class=\"elementor-element elementor-element-b867ebb elementor-align-center elementor-widget elementor-widget-button\" data-id=\"b867ebb\" data-element_type=\"widget\" data-e-type=\"widget\" data-widget_type=\"button.default\">\n\t\t\t\t<div class=\"elementor-widget-container\">\n\t\t\t\t\t\t\t\t\t<div class=\"elementor-button-wrapper\">\n\t\t\t\t\t<a class=\"elementor-button elementor-button-link elementor-size-sm\" href=\"https:\/\/www.michael-althoff.com\/shopping\/\">\n\t\t\t\t\t\t<span class=\"elementor-button-content-wrapper\">\n\t\t\t\t\t\t\t\t\t<span class=\"elementor-button-text\">Hier kaufen<\/span>\n\t\t\t\t\t<\/span>\n\t\t\t\t\t<\/a>\n\t\t\t\t<\/div>\n\t\t\t\t\t\t\t\t<\/div>\n\t\t\t\t<\/div>\n\t\t\t\t\t<\/div>\n\t\t<\/div>\n\t\t\t\t\t<\/div>\n\t\t<\/section>\n\t\t\t\t\t<\/div>\n\t\t<\/div>\n\t\t\t\t\t<\/div>\n\t\t<\/section>\n\t\t\t\t<section class=\"elementor-section elementor-top-section elementor-element elementor-element-98cdbbc elementor-section-boxed elementor-section-height-default elementor-section-height-default\" data-id=\"98cdbbc\" data-element_type=\"section\" data-e-type=\"section\">\n\t\t\t\t\t\t<div class=\"elementor-container elementor-column-gap-default\">\n\t\t\t\t\t<div class=\"elementor-column elementor-col-100 elementor-top-column elementor-element elementor-element-72c9b69\" data-id=\"72c9b69\" data-element_type=\"column\" data-e-type=\"column\">\n\t\t\t<div class=\"elementor-widget-wrap elementor-element-populated\">\n\t\t\t\t\t\t<div class=\"elementor-element elementor-element-8847465 elementor-widget elementor-widget-text-editor\" data-id=\"8847465\" data-element_type=\"widget\" data-e-type=\"widget\" data-widget_type=\"text-editor.default\">\n\t\t\t\t<div class=\"elementor-widget-container\">\n\t\t\t\t\t\t\t\t\t<p><b>\u2026was ist \u201eDRIN\u201c f\u00fcr Dich?<\/b><\/p>\n<p>Die Welt braucht mit Sicherheit nicht noch ein weiteres \u201eLEAN\u2013Erkl\u00e4rbuch\u201c mit umst\u00e4ndlichen Begriffen, staubtrockener Theorie und kruden Erfolgsrezepten.<\/p>\n<p>In den meisten B\u00fcchern zu dem Thema geht es reinweg um die Optimierung von Ertr\u00e4gen, das Steigern der Effizienz und die Behauptung von Unternehmen an den entsprechenden M\u00e4rkten. Aber mein Antrieb zu diesem Buch ist vielmehr das, was eben NICHT in diesen schlauen Werken angesprochen wird \u2026 n\u00e4mlich der MENSCH hinter bzw. VOR diesen Formeln, Grafiken und schlauen Ablauferkenntnissen.<br>Was macht LEAN mit uns, wie profitieren wir als Individuen davon, warum sollten wir \u00fcberhaupt etwas ver\u00e4ndern und wieviel Energie m\u00fcssen wir daf\u00fcr aufbringen?<\/p>\n<p>Die Motivation: Ich m\u00f6chte Euch ALLE mit meinem Buch \u201eabholen\u201d und Euch anhand meines bescheidenen und sehr leicht nachzuvollziehenden Werdegangs die absolut geniale Wirkung und Einfachheit der LEAN\u2013Prinzipien n\u00e4herbringen.<\/p>\n<p>Mein Ziel ist es, dass ihr nach dem Lesen der Seiten das Buch l\u00e4chelnd beiseite legt und denkt: \u201eEcht jetzt? Ist das wirklich SO leicht? Ok, DAS kann ich auch.\u201c<br>Und was ich mir wirklich w\u00fcnsche ist, dass Euch meine Worte so wichtig erscheinen, dass ihr Euch das Buch untereinander in die H\u00e4nde gebt. Von der Chefetage in die Produktion und UMGEKEHRT, von Freund zu Freund, innerhalb der Familie, von Kollege zu Kollege und von Gesch\u00e4ftspartner zu Gesch\u00e4ftspartner. Ich bin zu 100 % davon \u00fcberzeugt, dass die Erkenntnisse des LEAN\u2013Lifestyles barriere\u00fcbergreifend, l\u00e4nder\u00fcbergreifend, \u00fcberparteilich und vollkommen animosit\u00e4tenfrei nicht nur das Leben eines jeden Einzelnen verbessern k\u00f6nnen, sondern dass LEAN DIE kleine Revolution ist, die wir Menschen in diesen bizarren Zeiten so dringend brauchen, um uns wieder auf das Wesentliche konzentrieren zu k\u00f6nnen.<\/p>\n<p>F\u00fcr wen ist das Buch? Dieses Buch ist f\u00fcr Euch, ihr flei\u00dfigen Arbeiter, emsigen Manager, frustrierten F\u00fchrungskr\u00e4fte, entt\u00e4uschten Lagerarbeiter, Fachkr\u00e4fte, Meister, Staplerfahrer, Ingenieure, entnervten Arbeitssuchenden, Gro\u00dfkonzerne mit 100.000 Angestellten oder \u201eOne\u2013man\/woman Show\u201d, ihr alleinerziehenden M\u00fctter oder V\u00e4ter und finanziell ausgelaugten Einzelk\u00e4mpfer, jugendliche Jobsucher oder Existenzgr\u00fcnder \u2013 kurz: F\u00fcr JEDEN von Euch \u201eSuchenden\u201c<\/p>\n<p>Ihr arbeitet in einem Unternehmen, von dem ihr denkt, es k\u00f6nnte Ver\u00e4nderung gebrauchen bzw. ihr leitet ein Unternehmen, das nicht so l\u00e4uft, wie es laufen k\u00f6nnte? F\u00fcr Euch ist dieses Buch!<\/p>\n<p>Wie breche ich das Eis, was sind die ersten Schritte, und wie bekomme ich entweder \u201edie da oben\u201c zum Umdenken oder mein Team an Bord? \u2013 Das soll mein Thema in diesem kleinen Werk sein.<\/p>\t\t\t\t\t\t\t\t<\/div>\n\t\t\t\t<\/div>\n\t\t\t\t\t<\/div>\n\t\t<\/div>\n\t\t\t\t\t<\/div>\n\t\t<\/section>\n\t\t\t\t<section class=\"elementor-section elementor-top-section elementor-element elementor-element-372e927 elementor-section-full_width elementor-section-height-default elementor-section-height-default\" data-id=\"372e927\" data-element_type=\"section\" data-e-type=\"section\">\n\t\t\t\t\t\t<div class=\"elementor-container elementor-column-gap-default\">\n\t\t\t\t\t<div class=\"elementor-column elementor-col-100 elementor-top-column elementor-element elementor-element-eb50a79\" data-id=\"eb50a79\" data-element_type=\"column\" data-e-type=\"column\">\n\t\t\t<div class=\"elementor-widget-wrap elementor-element-populated\">\n\t\t\t\t\t\t<div class=\"elementor-element elementor-element-459eb5b elementor-widget elementor-widget-spacer\" data-id=\"459eb5b\" data-element_type=\"widget\" data-e-type=\"widget\" data-widget_type=\"spacer.default\">\n\t\t\t\t<div class=\"elementor-widget-container\">\n\t\t\t\t\t\t\t<div class=\"elementor-spacer\">\n\t\t\t<div class=\"elementor-spacer-inner\"><\/div>\n\t\t<\/div>\n\t\t\t\t\t\t<\/div>\n\t\t\t\t<\/div>\n\t\t\t\t\t<\/div>\n\t\t<\/div>\n\t\t\t\t\t<\/div>\n\t\t<\/section>\n\t\t\t\t<section class=\"elementor-section elementor-top-section elementor-element elementor-element-9574f22 elementor-section-boxed elementor-section-height-default elementor-section-height-default\" data-id=\"9574f22\" data-element_type=\"section\" data-e-type=\"section\">\n\t\t\t\t\t\t<div class=\"elementor-container elementor-column-gap-default\">\n\t\t\t\t\t<div class=\"elementor-column elementor-col-100 elementor-top-column elementor-element elementor-element-20ea34f\" data-id=\"20ea34f\" data-element_type=\"column\" data-e-type=\"column\">\n\t\t\t<div class=\"elementor-widget-wrap elementor-element-populated\">\n\t\t\t\t\t\t<div class=\"elementor-element elementor-element-768e27a acenter elementor-widget elementor-widget-wgl-double-headings\" data-id=\"768e27a\" data-element_type=\"widget\" data-e-type=\"widget\" data-widget_type=\"wgl-double-headings.default\">\n\t\t\t\t<div class=\"elementor-widget-container\">\n\t\t\t\t\t<div class=\"wgl-double_heading\"><h3 class=\"dbl__title-wrapper\"><span class=\"dbl__title\">Die Inhalte (Buch und\/oder Coaching)<\/span><\/h3><\/div>\t\t\t\t<\/div>\n\t\t\t\t<\/div>\n\t\t\t\t\t<\/div>\n\t\t<\/div>\n\t\t\t\t\t<\/div>\n\t\t<\/section>\n\t\t\t\t<section class=\"elementor-section elementor-top-section elementor-element elementor-element-c677718 elementor-section-content-middle elementor-section-boxed elementor-section-height-default elementor-section-height-default\" data-id=\"c677718\" data-element_type=\"section\" data-e-type=\"section\">\n\t\t\t\t\t\t<div class=\"elementor-container elementor-column-gap-default\">\n\t\t\t\t\t<div class=\"elementor-column elementor-col-33 elementor-top-column elementor-element elementor-element-f10bde5\" data-id=\"f10bde5\" data-element_type=\"column\" data-e-type=\"column\">\n\t\t\t<div class=\"elementor-widget-wrap elementor-element-populated\">\n\t\t\t\t\t\t<div class=\"elementor-element elementor-element-8214ff6 elementor-widget elementor-widget-spacer\" data-id=\"8214ff6\" data-element_type=\"widget\" data-e-type=\"widget\" data-widget_type=\"spacer.default\">\n\t\t\t\t<div class=\"elementor-widget-container\">\n\t\t\t\t\t\t\t<div class=\"elementor-spacer\">\n\t\t\t<div class=\"elementor-spacer-inner\"><\/div>\n\t\t<\/div>\n\t\t\t\t\t\t<\/div>\n\t\t\t\t<\/div>\n\t\t\t\t<div class=\"elementor-element elementor-element-6518db1 aleft has-font elementor-widget-icon-box wgl-icon-box elementor-view-default btn_position-right elementor-invisible elementor-widget elementor-widget-wgl-info-box\" data-id=\"6518db1\" data-element_type=\"widget\" data-e-type=\"widget\" data-settings=\"{&quot;_animation&quot;:&quot;fadeInLeft&quot;}\" data-widget_type=\"wgl-info-box.default\">\n\t\t\t\t<div class=\"elementor-widget-container\">\n\t\t\t\t\t<a  class=\"wgl-infobox  wgl-layout-left\"><div class=\"media-wrapper icon-wrapper\"><span class=\"wgl-icon\" ><i class=\"icon elementor-icon flaticon flaticon-business-and-finance-1\" aria-hidden=\"true\"><\/i><\/span><\/div><div class=\"wgl-infobox_wrapper\"><div class=\"wgl-infobox-title_wrapper\"><h3 class=\"wgl-infobox_title\">Was ist \"dieses LEAN\" \u00fcberhaupt?<\/h3><\/div><div class=\"content_wrapper\"><div class=\"wgl-infobox_content\"><p>Michael Althoff\u00b4s Definition und Sichtweise<\/p><\/div><\/div><div class=\"wgl-infobox-button_wrapper\"><div  class=\"wgl-infobox_button button-read-more \"><\/div><\/div><\/div><\/a>\t\t\t\t<\/div>\n\t\t\t\t<\/div>\n\t\t\t\t<div class=\"elementor-element elementor-element-aba2321 aleft has-font elementor-widget-icon-box wgl-icon-box elementor-view-default btn_position-right elementor-invisible elementor-widget elementor-widget-wgl-info-box\" data-id=\"aba2321\" data-element_type=\"widget\" data-e-type=\"widget\" data-settings=\"{&quot;_animation&quot;:&quot;fadeInLeft&quot;}\" data-widget_type=\"wgl-info-box.default\">\n\t\t\t\t<div class=\"elementor-widget-container\">\n\t\t\t\t\t<a  class=\"wgl-infobox  wgl-layout-left\"><div class=\"media-wrapper icon-wrapper\"><span class=\"wgl-icon\" ><i class=\"icon elementor-icon flaticon flaticon-idea\" aria-hidden=\"true\"><\/i><\/span><\/div><div class=\"wgl-infobox_wrapper\"><div class=\"wgl-infobox-title_wrapper\"><h3 class=\"wgl-infobox_title\">The LEAN DEAL<\/h3><\/div><div class=\"content_wrapper\"><div class=\"wgl-infobox_content\"><p>Warum es das beste \"Tauschgesch\u00e4ft\" aller Zeiten ist<\/p><\/div><\/div><div class=\"wgl-infobox-button_wrapper\"><div  class=\"wgl-infobox_button button-read-more \"><\/div><\/div><\/div><\/a>\t\t\t\t<\/div>\n\t\t\t\t<\/div>\n\t\t\t\t<div class=\"elementor-element elementor-element-d46259d aleft has-font elementor-widget-icon-box wgl-icon-box elementor-view-default btn_position-right elementor-invisible elementor-widget elementor-widget-wgl-info-box\" data-id=\"d46259d\" data-element_type=\"widget\" data-e-type=\"widget\" data-settings=\"{&quot;_animation&quot;:&quot;fadeInLeft&quot;}\" data-widget_type=\"wgl-info-box.default\">\n\t\t\t\t<div class=\"elementor-widget-container\">\n\t\t\t\t\t<a  class=\"wgl-infobox  wgl-layout-left\"><div class=\"media-wrapper icon-wrapper\"><span class=\"wgl-icon\" ><i class=\"icon elementor-icon flaticon flaticon-business-and-finance\" aria-hidden=\"true\"><\/i><\/span><\/div><div class=\"wgl-infobox_wrapper\"><div class=\"wgl-infobox-title_wrapper\"><h3 class=\"wgl-infobox_title\">Zielgruppen<\/h3><\/div><div class=\"content_wrapper\"><div class=\"wgl-infobox_content\"><p>F\u00fcr wen ist \"dieses LEAN\" eigentlich \u00fcberhaupt gedacht?<\/p><\/div><\/div><div class=\"wgl-infobox-button_wrapper\"><div  class=\"wgl-infobox_button button-read-more \"><\/div><\/div><\/div><\/a>\t\t\t\t<\/div>\n\t\t\t\t<\/div>\n\t\t\t\t\t<\/div>\n\t\t<\/div>\n\t\t\t\t<div class=\"elementor-column elementor-col-33 elementor-top-column elementor-element elementor-element-3af96d5\" data-id=\"3af96d5\" data-element_type=\"column\" data-e-type=\"column\">\n\t\t\t<div class=\"elementor-widget-wrap elementor-element-populated\">\n\t\t\t\t\t\t<div class=\"elementor-element elementor-element-59ca756 elementor-widget elementor-widget-wgl-image-layers\" data-id=\"59ca756\" data-element_type=\"widget\" data-e-type=\"widget\" data-widget_type=\"wgl-image-layers.default\">\n\t\t\t\t<div class=\"elementor-widget-container\">\n\t\t\t\t\t<div class=\"wgl-image-layers\"><div class=\"img-layer_image-wrapper slide_down\" style=\"z-index: 10\">\r\n                <div class=\"img-layer_item\" style=\"transform: translate(0%, 0%);\">\r\n                    <div class=\"img-layer_image\" style=\"transition: all 800ms; transition-delay: 600ms;\">\r\n                        <img decoding=\"async\" src=\"https:\/\/www.michael-althoff.com\/wp-content\/uploads\/2021\/03\/11-Muda-fin-scaled.jpg\" alt=\"11 Muda fin\" \/>\r\n                    <\/div>\r\n                <\/div>\r\n            <\/div> <div class=\"img-layer_image-wrapper zoom_in\" style=\"z-index: 1\">\r\n                <div class=\"img-layer_item\" style=\"transform: translate(0%, 0%);\">\r\n                    <div class=\"img-layer_image\" style=\"transition: all 800ms; transition-delay: 1200ms;\">\r\n                        <img decoding=\"async\" src=\"https:\/\/michael-althoff.com\/wp-content\/uploads\/2020\/02\/image-layers-3-02.png\" alt=\"image-layers-3-02\" \/>\r\n                    <\/div>\r\n                <\/div>\r\n            <\/div> <div class=\"img-layer_image-wrapper zoom_in\" style=\"z-index: 1\">\r\n                <div class=\"img-layer_item\" style=\"transform: translate(0%, 0%);\">\r\n                    <div class=\"img-layer_image\" style=\"transition: all 800ms; transition-delay: 1800ms;\">\r\n                        <img decoding=\"async\" src=\"https:\/\/michael-althoff.com\/wp-content\/uploads\/2020\/02\/image-layers-3-03.png\" alt=\"image-layers-3-03\" \/>\r\n                    <\/div>\r\n                <\/div>\r\n            <\/div> <div class=\"img-layer_image-wrapper zoom_in\" style=\"z-index: 1\">\r\n                <div class=\"img-layer_item\" style=\"transform: translate(0%, 0%);\">\r\n                    <div class=\"img-layer_image\" style=\"transition: all 800ms; transition-delay: 2400ms;\">\r\n                        <img decoding=\"async\" src=\"https:\/\/michael-althoff.com\/wp-content\/uploads\/2020\/02\/image-layers-3-04.png\" alt=\"image-layers-3-04\" \/>\r\n                    <\/div>\r\n                <\/div>\r\n            <\/div> <div class=\"img-layer_image-wrapper zoom_in\" style=\"z-index: 1\">\r\n                <div class=\"img-layer_item\" style=\"transform: translate(0%, 0%);\">\r\n                    <div class=\"img-layer_image\" style=\"transition: all 800ms; transition-delay: 3000ms;\">\r\n                        <img decoding=\"async\" src=\"https:\/\/michael-althoff.com\/wp-content\/uploads\/2020\/02\/image-layers-3-05.png\" alt=\"image-layers-3-05\" \/>\r\n                    <\/div>\r\n                <\/div>\r\n            <\/div> <div class=\"img-layer_image-wrapper zoom_in\" style=\"z-index: 1\">\r\n                <div class=\"img-layer_item\" style=\"transform: translate(0%, 0%);\">\r\n                    <div class=\"img-layer_image\" style=\"transition: all 800ms; transition-delay: 3600ms;\">\r\n                        <img decoding=\"async\" src=\"https:\/\/michael-althoff.com\/wp-content\/uploads\/2020\/02\/image-layers-3-06.png\" alt=\"image-layers-3-06\" \/>\r\n                    <\/div>\r\n                <\/div>\r\n            <\/div> <\/div>\t\t\t\t<\/div>\n\t\t\t\t<\/div>\n\t\t\t\t\t<\/div>\n\t\t<\/div>\n\t\t\t\t<div class=\"elementor-column elementor-col-33 elementor-top-column elementor-element elementor-element-8ed4a53\" data-id=\"8ed4a53\" data-element_type=\"column\" data-e-type=\"column\">\n\t\t\t<div class=\"elementor-widget-wrap elementor-element-populated\">\n\t\t\t\t\t\t<div class=\"elementor-element elementor-element-7fcd845 elementor-widget elementor-widget-spacer\" data-id=\"7fcd845\" data-element_type=\"widget\" data-e-type=\"widget\" data-widget_type=\"spacer.default\">\n\t\t\t\t<div class=\"elementor-widget-container\">\n\t\t\t\t\t\t\t<div class=\"elementor-spacer\">\n\t\t\t<div class=\"elementor-spacer-inner\"><\/div>\n\t\t<\/div>\n\t\t\t\t\t\t<\/div>\n\t\t\t\t<\/div>\n\t\t\t\t<div class=\"elementor-element elementor-element-5064fe3 aleft has-font elementor-widget-icon-box wgl-icon-box elementor-view-default btn_position-right elementor-invisible elementor-widget elementor-widget-wgl-info-box\" data-id=\"5064fe3\" data-element_type=\"widget\" data-e-type=\"widget\" data-settings=\"{&quot;_animation&quot;:&quot;fadeInRight&quot;}\" data-widget_type=\"wgl-info-box.default\">\n\t\t\t\t<div class=\"elementor-widget-container\">\n\t\t\t\t\t<a  class=\"wgl-infobox  wgl-layout-left\"><div class=\"media-wrapper icon-wrapper\"><span class=\"wgl-icon\" ><i class=\"icon elementor-icon flaticon flaticon-mission\" aria-hidden=\"true\"><\/i><\/span><\/div><div class=\"wgl-infobox_wrapper\"><div class=\"wgl-infobox-title_wrapper\"><h3 class=\"wgl-infobox_title\">8 Arten der Verschwendung<\/h3><\/div><div class=\"content_wrapper\"><div class=\"wgl-infobox_content\"><p>Der Schl\u00fcssel zum Erfolg liegt im Verst\u00e4ndnis der Einzelarten<\/p><\/div><\/div><div class=\"wgl-infobox-button_wrapper\"><div  class=\"wgl-infobox_button button-read-more \"><\/div><\/div><\/div><\/a>\t\t\t\t<\/div>\n\t\t\t\t<\/div>\n\t\t\t\t<div class=\"elementor-element elementor-element-e3d407c aleft has-font elementor-widget-icon-box wgl-icon-box elementor-view-default btn_position-right elementor-invisible elementor-widget elementor-widget-wgl-info-box\" data-id=\"e3d407c\" data-element_type=\"widget\" data-e-type=\"widget\" data-settings=\"{&quot;_animation&quot;:&quot;fadeInRight&quot;}\" data-widget_type=\"wgl-info-box.default\">\n\t\t\t\t<div class=\"elementor-widget-container\">\n\t\t\t\t\t<a  class=\"wgl-infobox  wgl-layout-left\"><div class=\"media-wrapper icon-wrapper\"><span class=\"wgl-icon\" ><i class=\"icon elementor-icon flaticon flaticon-work\" aria-hidden=\"true\"><\/i><\/span><\/div><div class=\"wgl-infobox_wrapper\"><div class=\"wgl-infobox-title_wrapper\"><h3 class=\"wgl-infobox_title\">LEAN Language<\/h3><\/div><div class=\"content_wrapper\"><div class=\"wgl-infobox_content\"><p>Wie wir alle NICHT \u00fcber LEAN sprechen sollten...!<\/p><\/div><\/div><div class=\"wgl-infobox-button_wrapper\"><div  class=\"wgl-infobox_button button-read-more \"><\/div><\/div><\/div><\/a>\t\t\t\t<\/div>\n\t\t\t\t<\/div>\n\t\t\t\t<div class=\"elementor-element elementor-element-6eed942 aleft has-font elementor-widget-icon-box wgl-icon-box elementor-view-default btn_position-right elementor-invisible elementor-widget elementor-widget-wgl-info-box\" data-id=\"6eed942\" data-element_type=\"widget\" data-e-type=\"widget\" data-settings=\"{&quot;_animation&quot;:&quot;fadeInRight&quot;}\" data-widget_type=\"wgl-info-box.default\">\n\t\t\t\t<div class=\"elementor-widget-container\">\n\t\t\t\t\t<a  class=\"wgl-infobox  wgl-layout-left\"><div class=\"media-wrapper icon-wrapper\"><span class=\"wgl-icon\" ><i class=\"icon elementor-icon flaticon flaticon-goal\" aria-hidden=\"true\"><\/i><\/span><\/div><div class=\"wgl-infobox_wrapper\"><div class=\"wgl-infobox-title_wrapper\"><h3 class=\"wgl-infobox_title\">2-Second LEAN<\/h3><\/div><div class=\"content_wrapper\"><div class=\"wgl-infobox_content\"><p>Warum Paul Akers Definition das beste Werkzeug darstellt<\/p><\/div><\/div><div class=\"wgl-infobox-button_wrapper\"><div  class=\"wgl-infobox_button button-read-more \"><\/div><\/div><\/div><\/a>\t\t\t\t<\/div>\n\t\t\t\t<\/div>\n\t\t\t\t\t<\/div>\n\t\t<\/div>\n\t\t\t\t\t<\/div>\n\t\t<\/section>\n\t\t\t\t<\/div>\n\t\t","protected":false},"excerpt":{"rendered":"<p>Hier kaufen \u2026was ist \u201eDRIN\u201c f\u00fcr Dich? Die Welt braucht mit Sicherheit nicht noch ein weiteres \u201eLEAN\u2013Erkl\u00e4rbuch\u201c mit umst\u00e4ndlichen Begriffen, staubtrockener Theorie und kruden Erfolgsrezepten. In den meisten B\u00fcchern zu dem Thema geht es reinweg um die Optimierung von Ertr\u00e4gen, das Steigern der Effizienz und die Behauptung von Unternehmen an den entsprechenden M\u00e4rkten. Aber mein [&hellip;]<\/p>\n","protected":false},"author":2,"featured_media":0,"parent":0,"menu_order":0,"comment_status":"closed","ping_status":"closed","template":"elementor_theme","meta":{"footnotes":""},"class_list":["post-273","page","type-page","status-publish","hentry"],"_links":{"self":[{"href":"https:\/\/www.michael-althoff.com\/de\/wp-json\/wp\/v2\/pages\/273","targetHints":{"allow":["GET"]}}],"collection":[{"href":"https:\/\/www.michael-althoff.com\/de\/wp-json\/wp\/v2\/pages"}],"about":[{"href":"https:\/\/www.michael-althoff.com\/de\/wp-json\/wp\/v2\/types\/page"}],"author":[{"embeddable":true,"href":"https:\/\/www.michael-althoff.com\/de\/wp-json\/wp\/v2\/users\/2"}],"replies":[{"embeddable":true,"href":"https:\/\/www.michael-althoff.com\/de\/wp-json\/wp\/v2\/comments?post=273"}],"version-history":[{"count":94,"href":"https:\/\/www.michael-althoff.com\/de\/wp-json\/wp\/v2\/pages\/273\/revisions"}],"predecessor-version":[{"id":4522,"href":"https:\/\/www.michael-althoff.com\/de\/wp-json\/wp\/v2\/pages\/273\/revisions\/4522"}],"wp:attachment":[{"href":"https:\/\/www.michael-althoff.com\/de\/wp-json\/wp\/v2\/media?parent=273"}],"curies":[{"name":"wp","href":"https:\/\/api.w.org\/{rel}","templated":true}]}}